{"id":10,"date":"2026-04-18T15:14:35","date_gmt":"2026-04-18T13:14:35","guid":{"rendered":"https:\/\/jegozdrowie.pl\/?page_id=10"},"modified":"2026-04-20T00:46:35","modified_gmt":"2026-04-19T22:46:35","slug":"jego-zdrowie","status":"publish","type":"page","link":"https:\/\/jegozdrowie.pl\/?page_id=10","title":{"rendered":"Si\u0142a z buraka"},"content":{"rendered":"\n<figure class=\"wp-block-image size-large\"><img loading=\"lazy\" decoding=\"async\" width=\"1024\" height=\"683\" src=\"http:\/\/jegozdrowie.pl\/wp-content\/uploads\/2026\/04\/file_00000000f23071f4ba1e9bc99a86fa79-1024x683.png\" alt=\"\" class=\"wp-image-14\" srcset=\"https:\/\/jegozdrowie.pl\/wp-content\/uploads\/2026\/04\/file_00000000f23071f4ba1e9bc99a86fa79-1024x683.png 1024w, https:\/\/jegozdrowie.pl\/wp-content\/uploads\/2026\/04\/file_00000000f23071f4ba1e9bc99a86fa79-300x200.png 300w, https:\/\/jegozdrowie.pl\/wp-content\/uploads\/2026\/04\/file_00000000f23071f4ba1e9bc99a86fa79-768x512.png 768w, https:\/\/jegozdrowie.pl\/wp-content\/uploads\/2026\/04\/file_00000000f23071f4ba1e9bc99a86fa79.png 1536w\" sizes=\"auto, (max-width: 1024px) 100vw, 1024px\" \/><\/figure>\n\n\n\n<p><strong>Naturalne shoty funkcjonalne wspieraj\u0105ce energi\u0119, wytrzyma\u0142o\u015b\u0107 i witalno\u015b\u0107.<\/strong><\/p>\n\n\n\n<p>Wybierz sw\u00f3j wariant:<\/p>\n\n\n\n<ul class=\"wp-block-list\">\n<li><strong>R\u00f3wnowaga serca<\/strong><\/li>\n\n\n\n<li><strong>\u015awie\u017co\u015b\u0107 \u017cycia<\/strong><\/li>\n\n\n\n<li><strong>Moc \u017cycia<\/strong><\/li>\n<\/ul>\n\n\n\n<p><strong>100% natury<\/strong>. <strong>Bez dodatku cukru. T\u0142oczone na zimno.<\/strong><\/p>\n\n\n\n<p>Masz pytania? Napisz:<\/p>\n\n\n\n<p>\ud83d\udce9 jegoslowem@gmail.com<\/p>\n","protected":false},"excerpt":{"rendered":"<p>Naturalne shoty funkcjonalne wspieraj\u0105ce energi\u0119, wytrzyma\u0142o\u015b\u0107 i witalno\u015b\u0107. Wybierz sw\u00f3j wariant: 100% natury. Bez dodatku cukru. T\u0142oczone na zimno. Masz pytania? Napisz: \ud83d\udce9 jegoslowem@gmail.com<\/p>\n","protected":false},"author":1,"featured_media":0,"parent":0,"menu_order":0,"comment_status":"closed","ping_status":"closed","template":"","meta":{"footnotes":""},"class_list":["post-10","page","type-page","status-publish","hentry"],"_links":{"self":[{"href":"https:\/\/jegozdrowie.pl\/index.php?rest_route=\/wp\/v2\/pages\/10","targetHints":{"allow":["GET"]}}],"collection":[{"href":"https:\/\/jegozdrowie.pl\/index.php?rest_route=\/wp\/v2\/pages"}],"about":[{"href":"https:\/\/jegozdrowie.pl\/index.php?rest_route=\/wp\/v2\/types\/page"}],"author":[{"embeddable":true,"href":"https:\/\/jegozdrowie.pl\/index.php?rest_route=\/wp\/v2\/users\/1"}],"replies":[{"embeddable":true,"href":"https:\/\/jegozdrowie.pl\/index.php?rest_route=%2Fwp%2Fv2%2Fcomments&post=10"}],"version-history":[{"count":11,"href":"https:\/\/jegozdrowie.pl\/index.php?rest_route=\/wp\/v2\/pages\/10\/revisions"}],"predecessor-version":[{"id":22,"href":"https:\/\/jegozdrowie.pl\/index.php?rest_route=\/wp\/v2\/pages\/10\/revisions\/22"}],"wp:attachment":[{"href":"https:\/\/jegozdrowie.pl\/index.php?rest_route=%2Fwp%2Fv2%2Fmedia&parent=10"}],"curies":[{"name":"wp","href":"https:\/\/api.w.org\/{rel}","templated":true}]}}